{"id":2103,"date":"2024-03-19T14:37:14","date_gmt":"2024-03-19T13:37:14","guid":{"rendered":"https:\/\/casinohotel.at\/ospite\/"},"modified":"2024-04-30T12:09:07","modified_gmt":"2024-04-30T10:09:07","slug":"ospite","status":"publish","type":"page","link":"https:\/\/www.casinohotel.at\/it\/ospite\/","title":{"rendered":"Ospite"},"content":{"rendered":"\t\t<div data-elementor-type=\"wp-page\" data-elementor-id=\"2103\" class=\"elementor elementor-2103 elementor-774\" data-elementor-post-type=\"page\">\n\t\t\t\t<div class=\"elementor-element elementor-element-e27aa31 e-flex e-con-boxed e-con e-parent\" data-id=\"e27aa31\" data-element_type=\"container\" data-e-type=\"container\">\n\t\t\t\t\t<div class=\"e-con-inner\">\n\t\t\t\t<div class=\"elementor-element elementor-element-fe2c2f2 elementor-widget elementor-widget-image\" data-id=\"fe2c2f2\" data-element_type=\"widget\" data-e-type=\"widget\" data-widget_type=\"image.default\">\n\t\t\t\t<div class=\"elementor-widget-container\">\n\t\t\t\t\t\t\t\t\t\t\t\t\t\t\t<img decoding=\"async\" src=\"https:\/\/www.casinohotel.at\/wp-content\/uploads\/2024\/03\/CasinoHotelVelden_Gastgeber_Header_01.jpg\" title=\"\" alt=\"\" loading=\"lazy\" \/>\t\t\t\t\t\t\t\t\t\t\t\t\t\t\t<\/div>\n\t\t\t\t<\/div>\n\t\t\t\t<div class=\"elementor-element elementor-element-038a2e3 elementor-widget__width-inherit elementor-absolute elementor-widget elementor-widget-heading\" data-id=\"038a2e3\" data-element_type=\"widget\" data-e-type=\"widget\" data-settings=\"{&quot;_position&quot;:&quot;absolute&quot;}\" data-widget_type=\"heading.default\">\n\t\t\t\t<div class=\"elementor-widget-container\">\n\t\t\t\t\t<h1 class=\"elementor-heading-title elementor-size-default\">OSPITE  <br>FUORI PASSIONE<\/h1>\t\t\t\t<\/div>\n\t\t\t\t<\/div>\n\t\t\t\t\t<\/div>\n\t\t\t\t<\/div>\n\t\t<div class=\"elementor-element elementor-element-c3acd5e e-flex e-con-boxed e-con e-child\" data-id=\"c3acd5e\" data-element_type=\"container\" data-e-type=\"container\">\n\t\t\t\t\t<div class=\"e-con-inner\">\n\t\t\t\t<div class=\"elementor-element elementor-element-72ab2a8 elementor-widget__width-initial elementor-widget-mobile__width-inherit elementor-widget-tablet__width-inherit elementor-widget elementor-widget-text-editor\" data-id=\"72ab2a8\" data-element_type=\"widget\" data-e-type=\"widget\" data-widget_type=\"text-editor.default\">\n\t\t\t\t<div class=\"elementor-widget-container\">\n\t\t\t\t\t\t\t\t\t<p>La nostra famiglia ha plasmato il paesaggio gastronomico e turistico di Velden am W\u00f6rthersee per decenni e da quasi 90 anni siamo padroni di casa con cuore e anima. Io e il mio team ci occupiamo di tutti gli ospiti del CasinoHotel, di <a href=\"https:\/\/www.casinohotel.at\/it\/attivita\/#leface\">Le Caf\u00e9<\/a> e di <a href=\"https:\/\/www.casinohotel.at\/it\/attivita\/#switch\">SWITCH<\/a> con passione e dedizione &#8211; sempre con l&#8217;obiettivo di creare momenti e ricordi per l&#8217;eternit\u00e0.<\/p>\n\t\t\t\t\t\t\t\t<\/div>\n\t\t\t\t<\/div>\n\t\t\t\t<div class=\"elementor-element elementor-element-911f19d elementor-widget__width-initial elementor-widget-tablet__width-inherit elementor-widget elementor-widget-text-editor\" data-id=\"911f19d\" data-element_type=\"widget\" data-e-type=\"widget\" data-widget_type=\"text-editor.default\">\n\t\t\t\t<div class=\"elementor-widget-container\">\n\t\t\t\t\t\t\t\t\t<p>&#8220;Venire come ospite e andarsene come amico&#8221; non \u00e8 solo qualcosa che diciamo al CasinoHotel Velden: \u00e8 un atteggiamento che caratterizza le nostre azioni giorno dopo giorno. Dall&#8217;autunno del 2023 dirigo il CasinoHotel di CUISINO e continuo l&#8217;eredit\u00e0 di mia madre. Essendo io stessa cresciuta nell&#8217;hotel, lo considero anche la mia casa. \u00c8 mia intenzione guidare il CasinoHotel verso un futuro di successo con molta energia positiva. Ogni ospite deve sentirsi a casa con noi e considerare la nostra casa come la sua seconda &#8220;casa temporanea&#8221;.<\/p>\n<\/p>\n<p>Per me, Velden \u00e8 sinonimo di un certo stile di vita, di una buona atmosfera, di eventi brillanti, semplicemente di alta vita &#8211; e bisogna viverla in prima persona. La sua vacanza al CasinoHotel deve essere un&#8217;esperienza indimenticabile e noi speriamo di trasmetterle questo fascino unico. Quando se ne va, \u00e8 meglio che se ne vada con dei ricordi che dureranno per sempre.<\/p>\n<\/p>\n<p>Saremo lieti di darle presto il benvenuto di persona!<\/p>\n<p>Il suo ospite Manuel Politzky e il team del CasinoHotel Velden<\/p>\n\t\t\t\t\t\t\t\t<\/div>\n\t\t\t\t<\/div>\n\t\t\t\t\t<\/div>\n\t\t\t\t<\/div>\n\t\t<div class=\"elementor-element elementor-element-fc5f851 e-flex e-con-boxed e-con e-parent\" data-id=\"fc5f851\" data-element_type=\"container\" data-e-type=\"container\" data-settings=\"{&quot;background_background&quot;:&quot;classic&quot;}\">\n\t\t\t\t\t<div class=\"e-con-inner\">\n\t\t<div class=\"elementor-element elementor-element-7ef1535 e-con-full e-flex e-con e-child\" data-id=\"7ef1535\" data-element_type=\"container\" data-e-type=\"container\">\n\t\t<div class=\"elementor-element elementor-element-05f8650 e-flex e-con-boxed e-con e-child\" data-id=\"05f8650\" data-element_type=\"container\" data-e-type=\"container\">\n\t\t\t\t\t<div class=\"e-con-inner\">\n\t\t\t\t<div class=\"elementor-element elementor-element-d190535 elementor-widget elementor-widget-image\" data-id=\"d190535\" data-element_type=\"widget\" data-e-type=\"widget\" data-widget_type=\"image.default\">\n\t\t\t\t<div class=\"elementor-widget-container\">\n\t\t\t\t\t\t\t\t\t\t\t\t\t\t\t<img fetchpriority=\"high\" decoding=\"async\" width=\"952\" height=\"1038\" src=\"https:\/\/www.casinohotel.at\/wp-content\/uploads\/2024\/03\/CasinoHotelVelden_Gastgeber_Hotel_01.jpg\" class=\"attachment-full size-full wp-image-2088\" alt=\"\" srcset=\"https:\/\/www.casinohotel.at\/wp-content\/uploads\/2024\/03\/CasinoHotelVelden_Gastgeber_Hotel_01.jpg 952w, https:\/\/www.casinohotel.at\/wp-content\/uploads\/2024\/03\/CasinoHotelVelden_Gastgeber_Hotel_01-275x300.jpg 275w, https:\/\/www.casinohotel.at\/wp-content\/uploads\/2024\/03\/CasinoHotelVelden_Gastgeber_Hotel_01-939x1024.jpg 939w, https:\/\/www.casinohotel.at\/wp-content\/uploads\/2024\/03\/CasinoHotelVelden_Gastgeber_Hotel_01-768x837.jpg 768w\" sizes=\"(max-width: 952px) 100vw, 952px\" \/>\t\t\t\t\t\t\t\t\t\t\t\t\t\t\t<\/div>\n\t\t\t\t<\/div>\n\t\t\t\t\t<\/div>\n\t\t\t\t<\/div>\n\t\t\t\t<\/div>\n\t\t<div class=\"elementor-element elementor-element-f49f2a4 e-con-full e-flex e-con e-child\" data-id=\"f49f2a4\" data-element_type=\"container\" data-e-type=\"container\">\n\t\t\t\t<div class=\"elementor-element elementor-element-d1fdcbe elementor-widget__width-initial elementor-widget-tablet__width-inherit elementor-widget elementor-widget-heading\" data-id=\"d1fdcbe\" data-element_type=\"widget\" data-e-type=\"widget\" data-widget_type=\"heading.default\">\n\t\t\t\t<div class=\"elementor-widget-container\">\n\t\t\t\t\t<h2 class=\"elementor-heading-title elementor-size-default\">PI\u00d9 RELAX. PI\u00d9 SPAZIO. ALTRE VACANZE.<\/h2>\t\t\t\t<\/div>\n\t\t\t\t<\/div>\n\t\t<div class=\"elementor-element elementor-element-821b574 e-flex e-con-boxed e-con e-child\" data-id=\"821b574\" data-element_type=\"container\" data-e-type=\"container\">\n\t\t\t\t\t<div class=\"e-con-inner\">\n\t\t<div class=\"elementor-element elementor-element-160ac68 e-con-full e-flex e-con e-child\" data-id=\"160ac68\" data-element_type=\"container\" data-e-type=\"container\">\n\t\t\t\t<div class=\"elementor-element elementor-element-de67269 elementor-widget__width-initial elementor-widget-tablet__width-inherit elementor-widget elementor-widget-text-editor\" data-id=\"de67269\" data-element_type=\"widget\" data-e-type=\"widget\" data-widget_type=\"text-editor.default\">\n\t\t\t\t<div class=\"elementor-widget-container\">\n\t\t\t\t\t\t\t\t\t<p>Con un soggiorno presso il CasinoHotel Velden, semplicemente, avr\u00e0 una vacanza in pi\u00f9. Si goda la nostra spiaggia privata sul lago W\u00f6rthersee, la ricca colazione a buffet di Le Caf\u00e9, il trambusto della passeggiata o semplicemente si rilassi in una delle nostre spaziose camere nelle case &#8220;Life&#8221; e &#8220;Style&#8221;.<\/p>\n\t\t\t\t\t\t\t\t<\/div>\n\t\t\t\t<\/div>\n\t\t\t\t<div class=\"elementor-element elementor-element-3212a9f elementor-mobile-align-justify elementor-widget elementor-widget-button\" data-id=\"3212a9f\" data-element_type=\"widget\" data-e-type=\"widget\" data-widget_type=\"button.default\">\n\t\t\t\t<div class=\"elementor-widget-container\">\n\t\t\t\t\t\t\t\t\t<div class=\"elementor-button-wrapper\">\n\t\t\t\t\t<a class=\"elementor-button elementor-button-link elementor-size-sm\" href=\"https:\/\/www.casinohotel.at\/it\/hotel\/\">\n\t\t\t\t\t\t<span class=\"elementor-button-content-wrapper\">\n\t\t\t\t\t\t\t\t\t<span class=\"elementor-button-text\">Per saperne di pi\u00f9<\/span>\n\t\t\t\t\t<\/span>\n\t\t\t\t\t<\/a>\n\t\t\t\t<\/div>\n\t\t\t\t\t\t\t\t<\/div>\n\t\t\t\t<\/div>\n\t\t\t\t<\/div>\n\t\t\t\t\t<\/div>\n\t\t\t\t<\/div>\n\t\t\t\t<\/div>\n\t\t\t\t\t<\/div>\n\t\t\t\t<\/div>\n\t\t<div class=\"elementor-element elementor-element-58767a1 e-flex e-con-boxed e-con e-parent\" data-id=\"58767a1\" data-element_type=\"container\" data-e-type=\"container\">\n\t\t\t\t\t<div class=\"e-con-inner\">\n\t\t<div class=\"elementor-element elementor-element-eb9d6cc e-con-full e-flex e-con e-child\" data-id=\"eb9d6cc\" data-element_type=\"container\" data-e-type=\"container\">\n\t\t\t\t<div class=\"elementor-element elementor-element-9e85c25 elementor-widget__width-inherit elementor-widget-tablet__width-inherit elementor-widget elementor-widget-heading\" data-id=\"9e85c25\" data-element_type=\"widget\" data-e-type=\"widget\" data-widget_type=\"heading.default\">\n\t\t\t\t<div class=\"elementor-widget-container\">\n\t\t\t\t\t<h2 class=\"elementor-heading-title elementor-size-default\">PIU' DI QUANTO  <br>UNA VACANZA<\/h2>\t\t\t\t<\/div>\n\t\t\t\t<\/div>\n\t\t<div class=\"elementor-element elementor-element-a457f9a e-flex e-con-boxed e-con e-child\" data-id=\"a457f9a\" data-element_type=\"container\" data-e-type=\"container\">\n\t\t\t\t\t<div class=\"e-con-inner\">\n\t\t<div class=\"elementor-element elementor-element-9bf2d74 e-con-full e-flex e-con e-child\" data-id=\"9bf2d74\" data-element_type=\"container\" data-e-type=\"container\">\n\t\t\t\t<div class=\"elementor-element elementor-element-62b3b2b elementor-widget elementor-widget-image\" data-id=\"62b3b2b\" data-element_type=\"widget\" data-e-type=\"widget\" data-widget_type=\"image.default\">\n\t\t\t\t<div class=\"elementor-widget-container\">\n\t\t\t\t\t\t\t\t\t\t\t\t\t\t\t<img decoding=\"async\" width=\"525\" height=\"554\" src=\"https:\/\/www.casinohotel.at\/wp-content\/uploads\/2024\/03\/CasinoHotelVelden_Gastgeber_Lifestyle_01.jpg\" class=\"attachment-full size-full wp-image-1798\" alt=\"\" srcset=\"https:\/\/www.casinohotel.at\/wp-content\/uploads\/2024\/03\/CasinoHotelVelden_Gastgeber_Lifestyle_01.jpg 525w, https:\/\/www.casinohotel.at\/wp-content\/uploads\/2024\/03\/CasinoHotelVelden_Gastgeber_Lifestyle_01-284x300.jpg 284w\" sizes=\"(max-width: 525px) 100vw, 525px\" \/>\t\t\t\t\t\t\t\t\t\t\t\t\t\t\t<\/div>\n\t\t\t\t<\/div>\n\t\t\t\t<div class=\"elementor-element elementor-element-5119cd5 elementor-align-right elementor-mobile-align-justify elementor-absolute elementor-widget elementor-widget-button\" data-id=\"5119cd5\" data-element_type=\"widget\" data-e-type=\"widget\" data-settings=\"{&quot;_position&quot;:&quot;absolute&quot;}\" data-widget_type=\"button.default\">\n\t\t\t\t<div class=\"elementor-widget-container\">\n\t\t\t\t\t\t\t\t\t<div class=\"elementor-button-wrapper\">\n\t\t\t\t\t<a class=\"elementor-button elementor-button-link elementor-size-sm\" href=\"https:\/\/www.casinohotel.at\/it\/attivita\/#Lifestyle\">\n\t\t\t\t\t\t<span class=\"elementor-button-content-wrapper\">\n\t\t\t\t\t\t\t\t\t<span class=\"elementor-button-text\">Stile di vita<\/span>\n\t\t\t\t\t<\/span>\n\t\t\t\t\t<\/a>\n\t\t\t\t<\/div>\n\t\t\t\t\t\t\t\t<\/div>\n\t\t\t\t<\/div>\n\t\t\t\t<div class=\"elementor-element elementor-element-515902c elementor-absolute elementor-widget elementor-widget-heading\" data-id=\"515902c\" data-element_type=\"widget\" data-e-type=\"widget\" data-settings=\"{&quot;_position&quot;:&quot;absolute&quot;}\" data-widget_type=\"heading.default\">\n\t\t\t\t<div class=\"elementor-widget-container\">\n\t\t\t\t\t<p class=\"elementor-heading-title elementor-size-default\">Stile di vita<\/p>\t\t\t\t<\/div>\n\t\t\t\t<\/div>\n\t\t\t\t<\/div>\n\t\t<div class=\"elementor-element elementor-element-af0af75 e-con-full e-flex e-con e-child\" data-id=\"af0af75\" data-element_type=\"container\" data-e-type=\"container\">\n\t\t\t\t<div class=\"elementor-element elementor-element-e157ae3 elementor-widget elementor-widget-image\" data-id=\"e157ae3\" data-element_type=\"widget\" data-e-type=\"widget\" data-widget_type=\"image.default\">\n\t\t\t\t<div class=\"elementor-widget-container\">\n\t\t\t\t\t\t\t\t\t\t\t\t\t\t\t<img decoding=\"async\" width=\"525\" height=\"554\" src=\"https:\/\/www.casinohotel.at\/wp-content\/uploads\/2024\/03\/chv-place-to-be-02.jpg\" class=\"attachment-large size-large wp-image-1630\" alt=\"Nightlife im CasinoHotel in Velden\" srcset=\"https:\/\/www.casinohotel.at\/wp-content\/uploads\/2024\/03\/chv-place-to-be-02.jpg 525w, https:\/\/www.casinohotel.at\/wp-content\/uploads\/2024\/03\/chv-place-to-be-02-284x300.jpg 284w\" sizes=\"(max-width: 525px) 100vw, 525px\" \/>\t\t\t\t\t\t\t\t\t\t\t\t\t\t\t<\/div>\n\t\t\t\t<\/div>\n\t\t\t\t<div class=\"elementor-element elementor-element-741c4a7 elementor-absolute elementor-widget elementor-widget-heading\" data-id=\"741c4a7\" data-element_type=\"widget\" data-e-type=\"widget\" data-settings=\"{&quot;_position&quot;:&quot;absolute&quot;}\" data-widget_type=\"heading.default\">\n\t\t\t\t<div class=\"elementor-widget-container\">\n\t\t\t\t\t<p class=\"elementor-heading-title elementor-size-default\">Vita notturna<\/p>\t\t\t\t<\/div>\n\t\t\t\t<\/div>\n\t\t\t\t<div class=\"elementor-element elementor-element-52a30b8 elementor-align-right elementor-mobile-align-justify elementor-absolute elementor-widget elementor-widget-button\" data-id=\"52a30b8\" data-element_type=\"widget\" data-e-type=\"widget\" data-settings=\"{&quot;_position&quot;:&quot;absolute&quot;}\" data-widget_type=\"button.default\">\n\t\t\t\t<div class=\"elementor-widget-container\">\n\t\t\t\t\t\t\t\t\t<div class=\"elementor-button-wrapper\">\n\t\t\t\t\t<a class=\"elementor-button elementor-button-link elementor-size-sm\" href=\"https:\/\/www.casinohotel.at\/it\/attivita\/#Nightlife\">\n\t\t\t\t\t\t<span class=\"elementor-button-content-wrapper\">\n\t\t\t\t\t\t\t\t\t<span class=\"elementor-button-text\">Vita notturna<\/span>\n\t\t\t\t\t<\/span>\n\t\t\t\t\t<\/a>\n\t\t\t\t<\/div>\n\t\t\t\t\t\t\t\t<\/div>\n\t\t\t\t<\/div>\n\t\t\t\t<\/div>\n\t\t<div class=\"elementor-element elementor-element-7383cea e-con-full e-flex e-con e-child\" data-id=\"7383cea\" data-element_type=\"container\" data-e-type=\"container\">\n\t\t\t\t<div class=\"elementor-element elementor-element-888cbf5 elementor-widget elementor-widget-image\" data-id=\"888cbf5\" data-element_type=\"widget\" data-e-type=\"widget\" data-widget_type=\"image.default\">\n\t\t\t\t<div class=\"elementor-widget-container\">\n\t\t\t\t\t\t\t\t\t\t\t\t\t\t\t<img loading=\"lazy\" decoding=\"async\" width=\"525\" height=\"554\" src=\"https:\/\/www.casinohotel.at\/wp-content\/uploads\/2024\/03\/chv-place-to-be-03.jpg\" class=\"attachment-large size-large wp-image-1632\" alt=\"\" srcset=\"https:\/\/www.casinohotel.at\/wp-content\/uploads\/2024\/03\/chv-place-to-be-03.jpg 525w, https:\/\/www.casinohotel.at\/wp-content\/uploads\/2024\/03\/chv-place-to-be-03-284x300.jpg 284w\" sizes=\"(max-width: 525px) 100vw, 525px\" \/>\t\t\t\t\t\t\t\t\t\t\t\t\t\t\t<\/div>\n\t\t\t\t<\/div>\n\t\t\t\t<div class=\"elementor-element elementor-element-c0cdfa7 elementor-absolute elementor-widget elementor-widget-heading\" data-id=\"c0cdfa7\" data-element_type=\"widget\" data-e-type=\"widget\" data-settings=\"{&quot;_position&quot;:&quot;absolute&quot;}\" data-widget_type=\"heading.default\">\n\t\t\t\t<div class=\"elementor-widget-container\">\n\t\t\t\t\t<p class=\"elementor-heading-title elementor-size-default\">Attivit\u00e0<\/p>\t\t\t\t<\/div>\n\t\t\t\t<\/div>\n\t\t\t\t<div class=\"elementor-element elementor-element-96700fb elementor-align-right elementor-mobile-align-justify elementor-absolute elementor-widget elementor-widget-button\" data-id=\"96700fb\" data-element_type=\"widget\" data-e-type=\"widget\" data-settings=\"{&quot;_position&quot;:&quot;absolute&quot;}\" data-widget_type=\"button.default\">\n\t\t\t\t<div class=\"elementor-widget-container\">\n\t\t\t\t\t\t\t\t\t<div class=\"elementor-button-wrapper\">\n\t\t\t\t\t<a class=\"elementor-button elementor-button-link elementor-size-sm\" href=\"https:\/\/www.casinohotel.at\/it\/attivita\/#Activity\">\n\t\t\t\t\t\t<span class=\"elementor-button-content-wrapper\">\n\t\t\t\t\t\t\t\t\t<span class=\"elementor-button-text\">Attivit\u00e0<\/span>\n\t\t\t\t\t<\/span>\n\t\t\t\t\t<\/a>\n\t\t\t\t<\/div>\n\t\t\t\t\t\t\t\t<\/div>\n\t\t\t\t<\/div>\n\t\t\t\t<\/div>\n\t\t\t\t\t<\/div>\n\t\t\t\t<\/div>\n\t\t\t\t<\/div>\n\t\t\t\t\t<\/div>\n\t\t\t\t<\/div>\n\t\t\t\t<\/div>\n\t\t","protected":false},"excerpt":{"rendered":"<p>OSPITE FUORI PASSIONE La nostra famiglia ha plasmato il paesaggio gastronomico e turistico di Velden am W\u00f6rthersee per decenni e da quasi 90 anni siamo padroni di casa con cuore e anima. Io e il mio team ci occupiamo di tutti gli ospiti del CasinoHotel, di Le Caf\u00e9 e di SWITCH con passione e dedizione [&hellip;]<\/p>\n","protected":false},"author":6,"featured_media":0,"parent":0,"menu_order":0,"comment_status":"closed","ping_status":"closed","template":"","meta":{"_acf_changed":false,"inline_featured_image":false,"footnotes":""},"class_list":["post-2103","page","type-page","status-publish","hentry"],"acf":[],"yoast_head":"<!-- This site is optimized with the Yoast SEO Premium plugin v27.3 (Yoast SEO v27.3) - https:\/\/yoast.com\/product\/yoast-seo-premium-wordpress\/ -->\n<title>Ospite | Casino Hotel Velden<\/title>\n<meta name=\"robots\" content=\"index, follow, max-snippet:-1, max-image-preview:large, max-video-preview:-1\" \/>\n<link rel=\"canonical\" href=\"https:\/\/www.casinohotel.at\/it\/ospite\/\" \/>\n<meta property=\"og:locale\" content=\"it_IT\" \/>\n<meta property=\"og:type\" content=\"article\" \/>\n<meta property=\"og:title\" content=\"Ospite\" \/>\n<meta property=\"og:description\" content=\"OSPITE FUORI PASSIONE La nostra famiglia ha plasmato il paesaggio gastronomico e turistico di Velden am W\u00f6rthersee per decenni e da quasi 90 anni siamo padroni di casa con cuore e anima. Io e il mio team ci occupiamo di tutti gli ospiti del CasinoHotel, di Le Caf\u00e9 e di SWITCH con passione e dedizione [&hellip;]\" \/>\n<meta property=\"og:url\" content=\"https:\/\/www.casinohotel.at\/it\/ospite\/\" \/>\n<meta property=\"og:site_name\" content=\"Casino Hotel Velden\" \/>\n<meta property=\"article:modified_time\" content=\"2024-04-30T10:09:07+00:00\" \/>\n<meta property=\"og:image\" content=\"https:\/\/www.casinohotel.at\/wp-content\/uploads\/2024\/03\/CasinoHotelVelden_Gastgeber_Header_01.jpg\" \/>\n<meta name=\"twitter:card\" content=\"summary_large_image\" \/>\n<meta name=\"twitter:label1\" content=\"Tempo di lettura stimato\" \/>\n\t<meta name=\"twitter:data1\" content=\"2 minuti\" \/>\n<script type=\"application\/ld+json\" class=\"yoast-schema-graph\">{\"@context\":\"https:\\\/\\\/schema.org\",\"@graph\":[{\"@type\":\"WebPage\",\"@id\":\"https:\\\/\\\/www.casinohotel.at\\\/it\\\/ospite\\\/\",\"url\":\"https:\\\/\\\/www.casinohotel.at\\\/it\\\/ospite\\\/\",\"name\":\"Ospite | Casino Hotel Velden\",\"isPartOf\":{\"@id\":\"https:\\\/\\\/www.casinohotel.at\\\/it\\\/#website\"},\"primaryImageOfPage\":{\"@id\":\"https:\\\/\\\/www.casinohotel.at\\\/it\\\/ospite\\\/#primaryimage\"},\"image\":{\"@id\":\"https:\\\/\\\/www.casinohotel.at\\\/it\\\/ospite\\\/#primaryimage\"},\"thumbnailUrl\":\"https:\\\/\\\/www.casinohotel.at\\\/wp-content\\\/uploads\\\/2024\\\/03\\\/CasinoHotelVelden_Gastgeber_Header_01.jpg\",\"datePublished\":\"2024-03-19T13:37:14+00:00\",\"dateModified\":\"2024-04-30T10:09:07+00:00\",\"breadcrumb\":{\"@id\":\"https:\\\/\\\/www.casinohotel.at\\\/it\\\/ospite\\\/#breadcrumb\"},\"inLanguage\":\"it-IT\",\"potentialAction\":[{\"@type\":\"ReadAction\",\"target\":[\"https:\\\/\\\/www.casinohotel.at\\\/it\\\/ospite\\\/\"]}]},{\"@type\":\"ImageObject\",\"inLanguage\":\"it-IT\",\"@id\":\"https:\\\/\\\/www.casinohotel.at\\\/it\\\/ospite\\\/#primaryimage\",\"url\":\"https:\\\/\\\/www.casinohotel.at\\\/wp-content\\\/uploads\\\/2024\\\/03\\\/CasinoHotelVelden_Gastgeber_Header_01.jpg\",\"contentUrl\":\"https:\\\/\\\/www.casinohotel.at\\\/wp-content\\\/uploads\\\/2024\\\/03\\\/CasinoHotelVelden_Gastgeber_Header_01.jpg\"},{\"@type\":\"BreadcrumbList\",\"@id\":\"https:\\\/\\\/www.casinohotel.at\\\/it\\\/ospite\\\/#breadcrumb\",\"itemListElement\":[{\"@type\":\"ListItem\",\"position\":1,\"name\":\"Home\",\"item\":\"https:\\\/\\\/www.casinohotel.at\\\/it\\\/home-fruehling\\\/\"},{\"@type\":\"ListItem\",\"position\":2,\"name\":\"Ospite\"}]},{\"@type\":\"WebSite\",\"@id\":\"https:\\\/\\\/www.casinohotel.at\\\/it\\\/#website\",\"url\":\"https:\\\/\\\/www.casinohotel.at\\\/it\\\/\",\"name\":\"Casino Hotel Velden\",\"description\":\"\",\"publisher\":{\"@id\":\"https:\\\/\\\/www.casinohotel.at\\\/it\\\/#organization\"},\"alternateName\":\"CasinoHotel Velden\",\"potentialAction\":[{\"@type\":\"SearchAction\",\"target\":{\"@type\":\"EntryPoint\",\"urlTemplate\":\"https:\\\/\\\/www.casinohotel.at\\\/it\\\/?s={search_term_string}\"},\"query-input\":{\"@type\":\"PropertyValueSpecification\",\"valueRequired\":true,\"valueName\":\"search_term_string\"}}],\"inLanguage\":\"it-IT\"},{\"@type\":\"Organization\",\"@id\":\"https:\\\/\\\/www.casinohotel.at\\\/it\\\/#organization\",\"name\":\"Casino Hotel Velden\",\"alternateName\":\"CasinoHotel Velden\",\"url\":\"https:\\\/\\\/www.casinohotel.at\\\/it\\\/\",\"logo\":{\"@type\":\"ImageObject\",\"inLanguage\":\"it-IT\",\"@id\":\"https:\\\/\\\/www.casinohotel.at\\\/it\\\/#\\\/schema\\\/logo\\\/image\\\/\",\"url\":\"https:\\\/\\\/www.casinohotel.at\\\/wp-content\\\/uploads\\\/2024\\\/03\\\/CV_Logo_schwarz.svg\",\"contentUrl\":\"https:\\\/\\\/www.casinohotel.at\\\/wp-content\\\/uploads\\\/2024\\\/03\\\/CV_Logo_schwarz.svg\",\"width\":507,\"height\":164,\"caption\":\"Casino Hotel Velden\"},\"image\":{\"@id\":\"https:\\\/\\\/www.casinohotel.at\\\/it\\\/#\\\/schema\\\/logo\\\/image\\\/\"},\"description\":\"CasinoHotel Velden\",\"email\":\"rezeption@casinohotel.at\",\"telephone\":\"+43 4274 51233\",\"legalName\":\"Cuisino Ges.m.b.H.\",\"vatID\":\"ATU36935000\"}]}<\/script>\n<!-- \/ Yoast SEO Premium plugin. -->","yoast_head_json":{"title":"Ospite | Casino Hotel Velden","robots":{"index":"index","follow":"follow","max-snippet":"max-snippet:-1","max-image-preview":"max-image-preview:large","max-video-preview":"max-video-preview:-1"},"canonical":"https:\/\/www.casinohotel.at\/it\/ospite\/","og_locale":"it_IT","og_type":"article","og_title":"Ospite","og_description":"OSPITE FUORI PASSIONE La nostra famiglia ha plasmato il paesaggio gastronomico e turistico di Velden am W\u00f6rthersee per decenni e da quasi 90 anni siamo padroni di casa con cuore e anima. Io e il mio team ci occupiamo di tutti gli ospiti del CasinoHotel, di Le Caf\u00e9 e di SWITCH con passione e dedizione [&hellip;]","og_url":"https:\/\/www.casinohotel.at\/it\/ospite\/","og_site_name":"Casino Hotel Velden","article_modified_time":"2024-04-30T10:09:07+00:00","og_image":[{"url":"https:\/\/www.casinohotel.at\/wp-content\/uploads\/2024\/03\/CasinoHotelVelden_Gastgeber_Header_01.jpg","type":"","width":"","height":""}],"twitter_card":"summary_large_image","twitter_misc":{"Tempo di lettura stimato":"2 minuti"},"schema":{"@context":"https:\/\/schema.org","@graph":[{"@type":"WebPage","@id":"https:\/\/www.casinohotel.at\/it\/ospite\/","url":"https:\/\/www.casinohotel.at\/it\/ospite\/","name":"Ospite | Casino Hotel Velden","isPartOf":{"@id":"https:\/\/www.casinohotel.at\/it\/#website"},"primaryImageOfPage":{"@id":"https:\/\/www.casinohotel.at\/it\/ospite\/#primaryimage"},"image":{"@id":"https:\/\/www.casinohotel.at\/it\/ospite\/#primaryimage"},"thumbnailUrl":"https:\/\/www.casinohotel.at\/wp-content\/uploads\/2024\/03\/CasinoHotelVelden_Gastgeber_Header_01.jpg","datePublished":"2024-03-19T13:37:14+00:00","dateModified":"2024-04-30T10:09:07+00:00","breadcrumb":{"@id":"https:\/\/www.casinohotel.at\/it\/ospite\/#breadcrumb"},"inLanguage":"it-IT","potentialAction":[{"@type":"ReadAction","target":["https:\/\/www.casinohotel.at\/it\/ospite\/"]}]},{"@type":"ImageObject","inLanguage":"it-IT","@id":"https:\/\/www.casinohotel.at\/it\/ospite\/#primaryimage","url":"https:\/\/www.casinohotel.at\/wp-content\/uploads\/2024\/03\/CasinoHotelVelden_Gastgeber_Header_01.jpg","contentUrl":"https:\/\/www.casinohotel.at\/wp-content\/uploads\/2024\/03\/CasinoHotelVelden_Gastgeber_Header_01.jpg"},{"@type":"BreadcrumbList","@id":"https:\/\/www.casinohotel.at\/it\/ospite\/#breadcrumb","itemListElement":[{"@type":"ListItem","position":1,"name":"Home","item":"https:\/\/www.casinohotel.at\/it\/home-fruehling\/"},{"@type":"ListItem","position":2,"name":"Ospite"}]},{"@type":"WebSite","@id":"https:\/\/www.casinohotel.at\/it\/#website","url":"https:\/\/www.casinohotel.at\/it\/","name":"Casino Hotel Velden","description":"","publisher":{"@id":"https:\/\/www.casinohotel.at\/it\/#organization"},"alternateName":"CasinoHotel Velden","potentialAction":[{"@type":"SearchAction","target":{"@type":"EntryPoint","urlTemplate":"https:\/\/www.casinohotel.at\/it\/?s={search_term_string}"},"query-input":{"@type":"PropertyValueSpecification","valueRequired":true,"valueName":"search_term_string"}}],"inLanguage":"it-IT"},{"@type":"Organization","@id":"https:\/\/www.casinohotel.at\/it\/#organization","name":"Casino Hotel Velden","alternateName":"CasinoHotel Velden","url":"https:\/\/www.casinohotel.at\/it\/","logo":{"@type":"ImageObject","inLanguage":"it-IT","@id":"https:\/\/www.casinohotel.at\/it\/#\/schema\/logo\/image\/","url":"https:\/\/www.casinohotel.at\/wp-content\/uploads\/2024\/03\/CV_Logo_schwarz.svg","contentUrl":"https:\/\/www.casinohotel.at\/wp-content\/uploads\/2024\/03\/CV_Logo_schwarz.svg","width":507,"height":164,"caption":"Casino Hotel Velden"},"image":{"@id":"https:\/\/www.casinohotel.at\/it\/#\/schema\/logo\/image\/"},"description":"CasinoHotel Velden","email":"rezeption@casinohotel.at","telephone":"+43 4274 51233","legalName":"Cuisino Ges.m.b.H.","vatID":"ATU36935000"}]}},"_links":{"self":[{"href":"https:\/\/www.casinohotel.at\/it\/wp-json\/wp\/v2\/pages\/2103","targetHints":{"allow":["GET"]}}],"collection":[{"href":"https:\/\/www.casinohotel.at\/it\/wp-json\/wp\/v2\/pages"}],"about":[{"href":"https:\/\/www.casinohotel.at\/it\/wp-json\/wp\/v2\/types\/page"}],"author":[{"embeddable":true,"href":"https:\/\/www.casinohotel.at\/it\/wp-json\/wp\/v2\/users\/6"}],"replies":[{"embeddable":true,"href":"https:\/\/www.casinohotel.at\/it\/wp-json\/wp\/v2\/comments?post=2103"}],"version-history":[{"count":9,"href":"https:\/\/www.casinohotel.at\/it\/wp-json\/wp\/v2\/pages\/2103\/revisions"}],"predecessor-version":[{"id":2593,"href":"https:\/\/www.casinohotel.at\/it\/wp-json\/wp\/v2\/pages\/2103\/revisions\/2593"}],"wp:attachment":[{"href":"https:\/\/www.casinohotel.at\/it\/wp-json\/wp\/v2\/media?parent=2103"}],"curies":[{"name":"wp","href":"https:\/\/api.w.org\/{rel}","templated":true}]}}